{"id":4827,"date":"2022-12-19T18:33:38","date_gmt":"2022-12-19T18:33:38","guid":{"rendered":"https:\/\/di.realhomes.io\/ultra\/?page_id=4827"},"modified":"2022-12-19T18:33:38","modified_gmt":"2022-12-19T18:33:38","slug":"faqs","status":"publish","type":"page","link":"https:\/\/locations-biscarrosse.fr\/en\/faqs\/","title":{"rendered":"Foire aux questions"},"content":{"rendered":"\n            <div class=\"qae-faqs-container qae-faqs-toggle-container\">\n\t\t\t\t\t\t<div id=\"qaef-4833\" class=\"qe-faq-toggle faq-pour-les-agents\">\n\t\t\t<div class=\"qe-toggle-title\">\n\t\t\t\t<h4>\n\t\t\t\t\t<i class=\"fa fa-minus-circle\"><\/i> Quelle est la diff\u00e9rence entre un agent immobilier et un courtier immobilier ?\t\t\t\t<\/h4>\n\t\t\t<\/div>\n\t\t\t<div class=\"qe-toggle-content\">\n\t\t\t\t\n<p>La plupart des \u00c9tats exigent que les professionnels de l&#8217;immobilier soient agr\u00e9\u00e9s par l&#8217;\u00c9tat, ce qui permet de contr\u00f4ler les exigences en mati\u00e8re de formation et d&#8217;exp\u00e9rience et de disposer d&#8217;une autorit\u00e9 centrale pour r\u00e9soudre les probl\u00e8mes des consommateurs. La terminologie utilis\u00e9e pour d\u00e9signer les professionnels de l&#8217;immobilier varie l\u00e9g\u00e8rement d&#8217;un \u00c9tat \u00e0 l&#8217;autre. Les courtiers doivent g\u00e9n\u00e9ralement poss\u00e9der une formation et une exp\u00e9rience plus pouss\u00e9es que les agents immobiliers. La personne avec laquelle vous traitez habituellement est un agent immobilier. L&#8217;agent immobilier est agr\u00e9\u00e9 par l&#8217;\u00c9tat, mais doit travailler pour un courtier. Toutes les annonces sont publi\u00e9es au nom du courtier, et non \u00e0 celui de l&#8217;agent immobilier. Un courtier peut traiter directement avec les acheteurs et les vendeurs, ou employer une \u00e9quipe d&#8217;agents immobiliers.<\/p>\n\t\t\t<\/div>\n\t\t<\/div>\n\t\t\t\t<div id=\"qaef-4832\" class=\"qe-faq-toggle faq-pour-les-agents\">\n\t\t\t<div class=\"qe-toggle-title\">\n\t\t\t\t<h4>\n\t\t\t\t\t<i class=\"fa fa-minus-circle\"><\/i> Pourquoi devrais-je faire appel \u00e0 un agent immobilier ?\t\t\t\t<\/h4>\n\t\t\t<\/div>\n\t\t\t<div class=\"qe-toggle-content\">\n\t\t\t\t\n<p>Un agent immobilier est bien plus qu&#8217;un simple vendeur. Il agit en votre nom, vous conseillant et vous guidant tout au long de votre projet d&#8217;achat ou de vente immobili\u00e8re. Bien qu&#8217;il soit r\u00e9mun\u00e9r\u00e9 pour son travail, c&#8217;est \u00e9galement le cas d&#8217;autres professions qui offrent des conseils, un accompagnement et des services, comme les experts-comptables et les avocats.<\/p>\n\n\n\n<p>Internet a ouvert un monde d&#8217;informations auparavant inaccessibles aux acheteurs et vendeurs. Les donn\u00e9es relatives aux biens disponibles \u00e0 la vente sont presque \u00e0 jour, mais pas tout \u00e0 fait. Il arrive que vous ayez besoin des informations les plus r\u00e9centes sur les ventes et les biens actuellement en vente, et le seul moyen de les obtenir est de faire appel \u00e0 un agent immobilier.<\/p>\n\n\n\n<p>Si vous vendez un bien, l&#8217;inscription au Service Inter-Agences (SIA) vous permet de toucher un maximum d&#8217;acheteurs. Seul un agent immobilier agr\u00e9\u00e9 et membre du SIA local peut vous y inscrire, ce qui vous assure une pr\u00e9sence automatique sur les principaux sites immobiliers. Si vous achetez ou vendez un bien, le SIA est le meilleur outil de votre agent.<\/p>\n\n\n\n<p>Cependant, le r\u00f4le d&#8217;un agent immobilier a \u00e9volu\u00e9 ces derni\u00e8res ann\u00e9es. Autrefois, les agents \u00e9taient le seul moyen pour les acheteurs et les vendeurs d&#8217;acc\u00e9der \u00e0 l&#8217;information. Aujourd&#8217;hui, leur r\u00f4le se transforme. Les acheteurs et les vendeurs \u00e9tant bien mieux inform\u00e9s qu&#8217;auparavant, l&#8217;expertise et les comp\u00e9tences deviennent primordiales.<\/p>\n\n\n\n<p>L&#8217;agent immobilier se positionne davantage comme un guide que comme un simple vendeur&nbsp;: votre repr\u00e9sentant personnel pour l&#8217;achat ou la vente d&#8217;un bien immobilier.<\/p>\n\t\t\t<\/div>\n\t\t<\/div>\n\t\t\t\t<div id=\"qaef-4831\" class=\"qe-faq-toggle faq-pour-les-agents\">\n\t\t\t<div class=\"qe-toggle-title\">\n\t\t\t\t<h4>\n\t\t\t\t\t<i class=\"fa fa-minus-circle\"><\/i> J&#8217;ai une amie de la famille qui est agent immobilier. Je l&#8217;appr\u00e9cie et elle m&#8217;est d&#8217;une grande aide, mais le prix qu&#8217;elle me propose pour vendre ma maison me semble trop bas. J&#8217;ai donc contact\u00e9 un autre agent qui m&#8217;a sugg\u00e9r\u00e9 un prix plus conforme \u00e0 mes attentes. Lequel choisir\u00a0?\t\t\t\t<\/h4>\n\t\t\t<\/div>\n\t\t\t<div class=\"qe-toggle-content\">\n\t\t\t\t\n<p>Il serait peut-\u00eatre judicieux de consulter d&#8217;autres agents immobiliers concernant la valeur marchande de votre maison. La plupart des estimations devraient \u00eatre assez proches.<\/p>\n\n\n\n<p>Il se peut que votre amie soit plus honn\u00eate avec vous quant \u00e0 la valeur de votre maison et que l&#8217;autre agent vous ait donn\u00e9 une estimation plus \u00e9lev\u00e9e car il savait que vous vous y attendiez. Cette pratique, appel\u00e9e \u00ab&nbsp;achat de mandat&nbsp;\u00bb, est abord\u00e9e dans un article de notre site web.<\/p>\n\n\n\n<p>Ou bien, il se peut tout simplement que votre amie soit une bonne amie, mais pas une agente immobili\u00e8re tr\u00e8s comp\u00e9tente.<\/p>\n\n\n\n<p>M\u00e9langer affaires et amiti\u00e9 est toujours risqu\u00e9 pour une amiti\u00e9. Par ailleurs, si votre amie est vraiment comp\u00e9tente et vous a donn\u00e9 de bons conseils, elle pourrait \u00eatre vex\u00e9e si vous les ignoriez et choisissiez un autre agent.<\/p>\n\t\t\t<\/div>\n\t\t<\/div>\n\t\t\t\t<div id=\"qaef-4830\" class=\"qe-faq-toggle choisir-un-bien-immobilier\">\n\t\t\t<div class=\"qe-toggle-title\">\n\t\t\t\t<h4>\n\t\t\t\t\t<i class=\"fa fa-minus-circle\"><\/i> Je dois choisir entre une maison r\u00e9nov\u00e9e dans un quartier ancien et une maison plus r\u00e9cente dans un quartier plus moderne. La maison du quartier ancien correspond presque \u00e0 mes attentes et est beaucoup plus grande, mais laquelle repr\u00e9sente le meilleur investissement\u00a0?\t\t\t\t<\/h4>\n\t\t\t<\/div>\n\t\t\t<div class=\"qe-toggle-content\">\n\t\t\t\t\n<p>Si votre objectif est d&#8217;acheter une maison pour sa valeur de revente et que celle que vous envisagez d&#8217;acqu\u00e9rir dans le vieux quartier se situe dans la fourchette haute des prix pratiqu\u00e9s, ce n&#8217;est peut-\u00eatre pas le choix le plus judicieux. En revanche, si son prix est similaire ou inf\u00e9rieur \u00e0 celui des autres maisons, il ne devrait pas y avoir de probl\u00e8me, car le prix doit \u00eatre consid\u00e9r\u00e9 en fonction du quartier et non compar\u00e9 aux maisons d&#8217;autres quartiers (dans la plupart des cas).<\/p>\n\n\n\n<p>De plus, s&#8217;agit-il d&#8217;un quartier en d\u00e9clin, ou bien d&#8217;autres projets de r\u00e9novation sont-ils en cours, contribuant ainsi \u00e0 son am\u00e9lioration&nbsp;? Cela pourrait s&#8217;av\u00e9rer une excellente affaire, \u00e0 condition de ne pas surpayer en raison des am\u00e9liorations r\u00e9centes.<\/p>\n\n\n\n<p>N&#8217;oubliez pas que vous achetez aussi une maison pour la valeur qu&#8217;elle repr\u00e9sente \u00e0 vos yeux en tant que \u00ab&nbsp;foyer&nbsp;\u00bb, et c&#8217;est un autre aspect \u00e0 prendre en compte. Dans quel quartier vous et votre famille vous sentiriez-vous le plus \u00e0 l&#8217;aise&nbsp;?<\/p>\n\t\t\t<\/div>\n\t\t<\/div>\n\t\t\t\t<div id=\"qaef-4829\" class=\"qe-faq-toggle choisir-un-bien-immobilier\">\n\t\t\t<div class=\"qe-toggle-title\">\n\t\t\t\t<h4>\n\t\t\t\t\t<i class=\"fa fa-minus-circle\"><\/i> Lors de l&#8217;achat d&#8217;une nouvelle maison, quelles am\u00e9liorations devrions-nous privil\u00e9gier\u00a0? Qu&#8217;est-ce qui apporte le plus de valeur\u00a0? Devrions-nous agrandir le terrain\u00a0? Choisir une maison plus spacieuse\u00a0? Ajouter une chambre suppl\u00e9mentaire\u00a0? etc.\t\t\t\t<\/h4>\n\t\t\t<\/div>\n\t\t\t<div class=\"qe-toggle-content\">\n\t\t\t\t\n<p>Beaucoup d\u00e9pend de vos motivations d&#8217;achat. S&#8217;agit-il principalement d&#8217;un logement ou d&#8217;un investissement&nbsp;? La diff\u00e9rence est importante.<\/p>\n\n\n\n<p>En r\u00e8gle g\u00e9n\u00e9rale, les options sont tr\u00e8s rentables pour les constructeurs. Elles ne sont pas con\u00e7ues pour augmenter la valeur de la maison, mais pour am\u00e9liorer votre confort.<\/p>\n\n\n\n<p>Si vous envisagez votre achat comme un investissement, privil\u00e9giez les maisons de petite ou moyenne taille du lotissement et limitez vos d\u00e9penses en options. Si vous comptez y vivre, choisissez des am\u00e9liorations qui optimiseront votre confort.<\/p>\n\n\n\n<p>Un conseil&nbsp;: pensez toujours \u00e0 remplacer la moquette et le sous-tapis.<\/p>\n\t\t\t<\/div>\n\t\t<\/div>\n\t\t\t\t<div id=\"qaef-4810\" class=\"qe-faq-toggle \">\n\t\t\t<div class=\"qe-toggle-title\">\n\t\t\t\t<h4>\n\t\t\t\t\t<i class=\"fa fa-minus-circle\"><\/i> What is a vacation rental?\t\t\t\t<\/h4>\n\t\t\t<\/div>\n\t\t\t<div class=\"qe-toggle-content\">\n\t\t\t\t\n<p>Vacation rentals are freestanding, attached or guest houses, villas, cottages, apartments, condos, and timeshares offered for short term occupancy.<\/p>\n\n\n\n<p>They are largely unregulated. Some rental properties are just one in a large portfolio handled and managed by a leasing company. Other vacation rentals are cared for and rented out by, the owner.<\/p>\n\t\t\t<\/div>\n\t\t<\/div>\n\t\t\t\t<div id=\"qaef-4808\" class=\"qe-faq-toggle \">\n\t\t\t<div class=\"qe-toggle-title\">\n\t\t\t\t<h4>\n\t\t\t\t\t<i class=\"fa fa-minus-circle\"><\/i> Is it possible to apply for a property that I haven\u2019t viewed?\t\t\t\t<\/h4>\n\t\t\t<\/div>\n\t\t\t<div class=\"qe-toggle-content\">\n\t\t\t\t\n<p>We prefer for all applicants to either see the property in person or send a trusted 3rd party to view on their behalf.<\/p>\n\n\n\n<p>We understand that you may not have time to view the property. In this case, you could arrange for a friend or family member to view the property on your behalf.<\/p>\n\n\n\n<p>It&#8217;s important to see the property instead of only looking at the photos. The photos serve as an approximate representation. Applicants should check whether the property matches their expectations and needs.<\/p>\n\t\t\t<\/div>\n\t\t<\/div>\n\t\t\t\t<div id=\"qaef-4806\" class=\"qe-faq-toggle \">\n\t\t\t<div class=\"qe-toggle-title\">\n\t\t\t\t<h4>\n\t\t\t\t\t<i class=\"fa fa-minus-circle\"><\/i> How can I visit a property?\t\t\t\t<\/h4>\n\t\t\t<\/div>\n\t\t\t<div class=\"qe-toggle-content\">\n\t\t\t\t\n<p>Call the number on the listing directly or request the booking through view booking form.<\/p>\n\n\n\n<p>After receiving a request, we&#8217;ll quickly organize a property viewing. Our goal is to make sure you&#8217;ll find your dream home.<\/p>\n\n\n\n<p>Please note that we are required to provide current tenants at occupied properties at least 24 hours\u2019 notice prior to scheduled showings.<\/p>\n\t\t\t<\/div>\n\t\t<\/div>\n\t\t\t\t<div id=\"qaef-4804\" class=\"qe-faq-toggle \">\n\t\t\t<div class=\"qe-toggle-title\">\n\t\t\t\t<h4>\n\t\t\t\t\t<i class=\"fa fa-minus-circle\"><\/i> What is your security deposit policy?\t\t\t\t<\/h4>\n\t\t\t<\/div>\n\t\t\t<div class=\"qe-toggle-content\">\n\t\t\t\t\n<p>Security deposit equals to one month rent and may vary based on credit. You need to pay the full amount before moving in.<\/p>\n\t\t\t<\/div>\n\t\t<\/div>\n\t\t\t\t<div id=\"qaef-4802\" class=\"qe-faq-toggle \">\n\t\t\t<div class=\"qe-toggle-title\">\n\t\t\t\t<h4>\n\t\t\t\t\t<i class=\"fa fa-minus-circle\"><\/i> Do I need renters insurance?\t\t\t\t<\/h4>\n\t\t\t<\/div>\n\t\t\t<div class=\"qe-toggle-content\">\n\t\t\t\t\n<p>Yes, all the tenants need to have renters insurance before moving in.<\/p>\n\n\n\n<p>You have to show a renters\u2019 insurance confirmation before getting the keys.<\/p>\n\t\t\t<\/div>\n\t\t<\/div>\n\t\t\t\t<div id=\"qaef-4800\" class=\"qe-faq-toggle \">\n\t\t\t<div class=\"qe-toggle-title\">\n\t\t\t\t<h4>\n\t\t\t\t\t<i class=\"fa fa-minus-circle\"><\/i> When do you increase the rent?\t\t\t\t<\/h4>\n\t\t\t<\/div>\n\t\t\t<div class=\"qe-toggle-content\">\n\t\t\t\t\n<p>Rent increases usually happen after the lease term expiration.<\/p>\n\n\n\n<p>Of course, it isn&#8217;t always increased. Our analysis accounts for the property owner&#8217;s requests and relevant market conditions.<\/p>\n\t\t\t<\/div>\n\t\t<\/div>\n\t\t\t\t<div id=\"qaef-4798\" class=\"qe-faq-toggle \">\n\t\t\t<div class=\"qe-toggle-title\">\n\t\t\t\t<h4>\n\t\t\t\t\t<i class=\"fa fa-minus-circle\"><\/i> What happens if I can\u2019t pay the rent on time?\t\t\t\t<\/h4>\n\t\t\t<\/div>\n\t\t\t<div class=\"qe-toggle-content\">\n\t\t\t\t\n<p>Any problems that may affect the potential payment of rent should be notified to the relevant office straight away. You may be charged a fee for late payment of rent.<\/p>\n\t\t\t<\/div>\n\t\t<\/div>\n\t\t\t\t<div id=\"qaef-4797\" class=\"qe-faq-toggle \">\n\t\t\t<div class=\"qe-toggle-title\">\n\t\t\t\t<h4>\n\t\t\t\t\t<i class=\"fa fa-minus-circle\"><\/i> Can I change the locks?\t\t\t\t<\/h4>\n\t\t\t<\/div>\n\t\t\t<div class=\"qe-toggle-content\">\n\t\t\t\t\n<p>No, installing new locks on your own would violate the lease agreement terms. It&#8217;s possible to install a new lock upon request and approval; this may be a tenant charge depending on the situation.<\/p>\n\t\t\t<\/div>\n\t\t<\/div>\n\t\t\t\t<div id=\"qaef-4795\" class=\"qe-faq-toggle \">\n\t\t\t<div class=\"qe-toggle-title\">\n\t\t\t\t<h4>\n\t\t\t\t\t<i class=\"fa fa-minus-circle\"><\/i> Can I decorate or make changes to the property?\t\t\t\t<\/h4>\n\t\t\t<\/div>\n\t\t\t<div class=\"qe-toggle-content\">\n\t\t\t\t\n<p>In most cases, a tenant can only decorate or make changes to the property with the express permission of the landlord. We recommend receiving this permission in writing.<\/p>\n\t\t\t<\/div>\n\t\t<\/div>\n\t\t\t\t<div id=\"qaef-4794\" class=\"qe-faq-toggle \">\n\t\t\t<div class=\"qe-toggle-title\">\n\t\t\t\t<h4>\n\t\t\t\t\t<i class=\"fa fa-minus-circle\"><\/i> What\u2019s the pet policy?\t\t\t\t<\/h4>\n\t\t\t<\/div>\n\t\t\t<div class=\"qe-toggle-content\">\n\t\t\t\t\n<p>The pet policy depends on the terms in each specific lease agreement. You must notify our team of any pets before move-in.<\/p>\n\n\n\n<p>When you already have a pet and you want to add an extra one, please call our office first. We will process every request separately depending on the lease terms.<\/p>\n\t\t\t<\/div>\n\t\t<\/div>\n\t\t\t\t<div id=\"qaef-4793\" class=\"qe-faq-toggle \">\n\t\t\t<div class=\"qe-toggle-title\">\n\t\t\t\t<h4>\n\t\t\t\t\t<i class=\"fa fa-minus-circle\"><\/i> What if I accidentally cause damage to the property?\t\t\t\t<\/h4>\n\t\t\t<\/div>\n\t\t\t<div class=\"qe-toggle-content\">\n\t\t\t\t\n<p>Don\u2019t worry \u2013 accidents happen. Tell whoever is responsible for the property maintenance as soon as possible. You will be expected to cover the cost of putting it right.<\/p>\n\n\n\n<p>Don\u2019t try to ignore or hide damage because it could get worse, and it will only come out of your deposit at the end of the tenancy.<\/p>\n\t\t\t<\/div>\n\t\t<\/div>\n\t\t            <\/div>\n\t\t\n\n\n\n<p><\/p>\n","protected":false},"excerpt":{"rendered":"","protected":false},"author":1,"featured_media":0,"parent":0,"menu_order":0,"comment_status":"closed","ping_status":"closed","template":"","meta":{"footnotes":""},"class_list":["post-4827","page","type-page","status-publish","hentry"],"_links":{"self":[{"href":"https:\/\/locations-biscarrosse.fr\/en\/wp-json\/wp\/v2\/pages\/4827","targetHints":{"allow":["GET"]}}],"collection":[{"href":"https:\/\/locations-biscarrosse.fr\/en\/wp-json\/wp\/v2\/pages"}],"about":[{"href":"https:\/\/locations-biscarrosse.fr\/en\/wp-json\/wp\/v2\/types\/page"}],"author":[{"embeddable":true,"href":"https:\/\/locations-biscarrosse.fr\/en\/wp-json\/wp\/v2\/users\/1"}],"replies":[{"embeddable":true,"href":"https:\/\/locations-biscarrosse.fr\/en\/wp-json\/wp\/v2\/comments?post=4827"}],"version-history":[{"count":0,"href":"https:\/\/locations-biscarrosse.fr\/en\/wp-json\/wp\/v2\/pages\/4827\/revisions"}],"wp:attachment":[{"href":"https:\/\/locations-biscarrosse.fr\/en\/wp-json\/wp\/v2\/media?parent=4827"}],"curies":[{"name":"wp","href":"https:\/\/api.w.org\/{rel}","templated":true}]}}